{"id":932,"date":"2025-08-28T21:31:42","date_gmt":"2025-08-29T05:31:42","guid":{"rendered":"https:\/\/www.test11.pw\/?page_id=932"},"modified":"2025-11-04T01:51:02","modified_gmt":"2025-11-04T09:51:02","slug":"faq","status":"publish","type":"page","link":"https:\/\/www.wedospace.com\/fr\/faq\/","title":{"rendered":"FAQ"},"content":{"rendered":"<section class=\"wp-block-themepark-block-themepark-area block_layout thempark-block PcOnly bom100 top100\" id=\"maxw\" style=\"padding-top:207px;\" data-swiper-parallax=\"-700\"><div class=\"block_layout_in clomnsmal\" style=\"\">\n<div class=\"wp-block-column block_layout_in\">\n<div class=\"wp-block-themepark-block-themepark-wright content-super-p PcOnly\" style=\"font-size:12px;line-height:20px;padding:0px 1px;\">\n<div class=\"wp-block-column\">\n<div style=\"height:160px\" aria-hidden=\"true\" class=\"wp-block-spacer\"><\/div>\n\n\n\n<h2 class=\"wp-block-heading has-text-align-center has-monte-white-color has-text-color has-large-font-size\" style=\"letter-spacing:5px\"><span class=\"ez-toc-section\" id=\"Find_The_Answers_To_Your_Questions\"><\/span>Trouvez les r\u00e9ponses \u00e0 vos questions<span class=\"ez-toc-section-end\"><\/span><\/h2>\n\n\n\n<p><\/p>\n\n\n\n<p class=\"has-text-align-center has-monte-white-color has-text-color has-normal-font-size\" style=\"text-transform:uppercase\">ZHEJIANG Gorky STEEL STRUCTURE MATERIAL CO.,LTD<\/p>\n\n\n\n<div style=\"height:440px\" aria-hidden=\"true\" class=\"wp-block-spacer\"><\/div>\n<\/div>\n<\/div>\n<\/div>\n<\/div><div class=\"layout_badh\"><div class=\"shizhezhao\" style=\"opacity:0.4;background-color:#000000;\"><\/div><div class=\"PcOnly themepark-block_layout_ba lazyload swiper-lazy\" style=\"background-repeat:no-repeat;background-size:cover;background-position:center;\" data-background=\"https:\/\/www.wedospace.com\/wp-content\/uploads\/2025\/08\/faq-banner.png\"><\/div><\/div><\/section>\n\n\n\n<section class=\"wp-block-themepark-block-themepark-area block_layout thempark-block PcOnly\" id=\"\" style=\"padding-top:100px;\" data-swiper-parallax=\"-700\"><div class=\"block_layout_in\" style=\"\">\n<div class=\"wp-block-column block_layout_in\">\n<section class=\"wp-block-themepark-block-themepark-area block_layout thempark-block undefined\" id=\"\" style=\"\" data-swiper-parallax=\"-700\"><div class=\"block_layout_in\" style=\"\">\n<div class=\"wp-block-column block_layout_in\">\n<div class=\"wp-block-themepark-block-themepark-wright content-super-p\" style=\"font-size:14px;line-height:23px;padding:10px 10px;\">\n<div class=\"wp-block-column\">\n<p class=\"has-text-align-center\" style=\"font-size:11px\"><strong>QUESTIONS FR\u00c9QUEMMENT POS\u00c9ES<\/strong><\/p>\n\n\n\n<div style=\"height:20px\" aria-hidden=\"true\" class=\"wp-block-spacer\"><\/div>\n\n\n\n<p class=\"has-text-align-center\" style=\"font-size:28px\"><strong><strong>Vous voulez savoir <mark style=\"background-color:rgba(0, 0, 0, 0)\" class=\"has-inline-color has-themecolor-1-color\">quelque chose ?<\/mark><\/strong><\/strong><\/p>\n<\/div>\n<\/div>\n<\/div>\n<\/div><div class=\"layout_badh\"><div class=\"PcOnly themepark-block_layout_ba lazyload swiper-lazy\" style=\"background-repeat:no-repeat;background-size:cover;background-position:center;\" data-background=\"https:\/\/www.wedospace.com\/wp-content\/uploads\/2025\/09\/about-title-bg-3.png\"><\/div><\/div><\/section>\n\n\n\n<div style=\"height:50px\" aria-hidden=\"true\" class=\"wp-block-spacer\"><\/div>\n\n\n\n<div class=\"wp-block-themepark-block-themepark-wright content-super-p\" style=\"font-size:15px;line-height:23px;color:#363636;padding:10px 10px;\">\n<div class=\"wp-block-column\">\n<div class=\"wp-block-columns\">\n<div class=\"wp-block-column\">\n<div class=\"wp-block-themepark-block-themepark-accordion thempark-block themepark-accordion active\" style=\"border-top:solid 1px #ccc;border-bottom:solid 1px #ccc;border-left:solid 1px #ccc;border-right:solid 1px #ccc;\"><div class=\"themepark-accordion-head\" style=\"background-color:#183884;color:#ffffff;\"><span><\/span> 1. Quel est le projet dont vous vous occupez ?<\/div>\n<div class=\"wp-block-column themepark-accordion-box\">\n<p>Nos experts commencent \u00e0 \u00e9laborer et \u00e0 mettre en \u0153uvre des strat\u00e9gies bas\u00e9es sur votre plan unique. Nous utilisons des technologies avanc\u00e9es et des m\u00e9thodes \u00e9prouv\u00e9es pour cr\u00e9er.<br>Le champ d'application de la construction conventionnelle comprend : divers projets de construction de structures en acier tels que des structures en acier \u00e0 plusieurs \u00e9tages, des ateliers \u00e0 structure en acier, des entrep\u00f4ts, des ch\u00e2ssis d'\u00e9quipement \u00e0 structure en acier, des passages pour pi\u00e9tons, des gymnases, etc.<\/p>\n<\/div>\n<\/div>\n\n\n\n<div style=\"height:10px\" aria-hidden=\"true\" class=\"wp-block-spacer\"><\/div>\n\n\n\n<div class=\"wp-block-themepark-block-themepark-accordion thempark-block themepark-accordion active\" style=\"border-top:solid 1px #dedede;border-bottom:solid 1px #dedede;border-left:solid 1px #dedede;border-right:solid 1px #dedede;\"><div class=\"themepark-accordion-head\" style=\"background-color:#183884;color:#ffffff;\"><span><\/span> 3. Comment assurez-vous la qualit\u00e9 ?<\/div>\n<div class=\"wp-block-column themepark-accordion-box\">\n<p>Mise en place d'une proc\u00e9dure de contr\u00f4le des produits \u00e0 tous les stades du processus de fabrication - depuis les mati\u00e8res premi\u00e8res, la transformation, les essais ou l'inspection, jusqu'aux produits finis, etc.<\/p>\n<\/div>\n<\/div>\n\n\n\n<div style=\"height:10px\" aria-hidden=\"true\" class=\"wp-block-spacer\"><\/div>\n\n\n\n<div class=\"wp-block-themepark-block-themepark-accordion thempark-block themepark-accordion active\" style=\"border-top:solid 1px #dedede;border-bottom:solid 1px #dedede;border-left:solid 1px #dedede;border-right:solid 1px #dedede;\"><div class=\"themepark-accordion-head\" style=\"background-color:#183884;color:#ffffff;\"><span><\/span>5. Calendrier du projet ?<\/div>\n<div class=\"wp-block-column themepark-accordion-box\">\n<p>Variable, horaire d\u00e9taill\u00e9 fourni.<\/p>\n<\/div>\n<\/div>\n\n\n\n<div style=\"height:10px\" aria-hidden=\"true\" class=\"wp-block-spacer\"><\/div>\n\n\n\n<div class=\"wp-block-themepark-block-themepark-accordion thempark-block themepark-accordion active\" style=\"border-top:solid 1px #dedede;border-bottom:solid 1px #dedede;border-left:solid 1px #dedede;border-right:solid 1px #dedede;\"><div class=\"themepark-accordion-head\" style=\"background-color:#183884;color:#ffffff;\"><span><\/span>7. Pouvez-vous offrir un service de conception ?<\/div>\n<div class=\"wp-block-column themepark-accordion-box\">\n<p>Oui, nous avons plus de 30 ing\u00e9nieurs concepteurs. Nous pouvons concevoir des dessins de solutions compl\u00e8tes en fonction de vos exigences. Les logiciels que nous utilisons sont Auto CAD, PKPM, MTS, 3D3S, Tarch, Tekla Structures(Xsteel)V12.0.etc.<\/p>\n<\/div>\n<\/div>\n<\/div>\n\n\n\n<div class=\"wp-block-column\">\n<div class=\"wp-block-themepark-block-themepark-accordion thempark-block themepark-accordion active\" style=\"border-top:solid 1px #dedede;border-bottom:solid 1px #dedede;border-left:solid 1px #dedede;border-right:solid 1px #dedede;\"><div class=\"themepark-accordion-head\" style=\"background-color:#183884;color:#ffffff;\"><span><\/span> 2. Proposez-vous des services de guidage pour l'installation sur site \u00e0 l'\u00e9tranger ?<\/div>\n<div class=\"wp-block-column themepark-accordion-box\">\n<p>Oui, nous pouvons fournir le service d'installation, de supervision et de formation en suppl\u00e9ment. Nous pouvons envoyer notre ing\u00e9nieur technique professionnel pour superviser l'installation sur le site \u00e0 l'\u00e9tranger. En outre, nous disposons de notre propre \u00e9quipe d'installation \u00e0 l'\u00e9tranger, compos\u00e9e de plus de 20 personnes.<\/p>\n<\/div>\n<\/div>\n\n\n\n<div style=\"height:10px\" aria-hidden=\"true\" class=\"wp-block-spacer\"><\/div>\n\n\n\n<div class=\"wp-block-themepark-block-themepark-accordion thempark-block themepark-accordion active\" style=\"border-top:solid 1px #dedede;border-bottom:solid 1px #dedede;border-left:solid 1px #dedede;border-right:solid 1px #dedede;\"><div class=\"themepark-accordion-head\" style=\"background-color:#183884;color:#ffffff;\"><span><\/span>4. Votre entreprise est-elle une usine ou une soci\u00e9t\u00e9 commerciale ?<\/div>\n<div class=\"wp-block-column themepark-accordion-box\">\n<p>Nous sommes une usine, vous obtiendrez donc les meilleurs prix et des prix comp\u00e9titifs. Nous disposons de deux sites de production d'une superficie totale de plus de 80 000 m\u00e8tres carr\u00e9s.<\/p>\n<\/div>\n<\/div>\n\n\n\n<div style=\"height:10px\" aria-hidden=\"true\" class=\"wp-block-spacer\"><\/div>\n\n\n\n<div class=\"wp-block-themepark-block-themepark-accordion thempark-block themepark-accordion active\" style=\"border-top:solid 1px #dedede;border-bottom:solid 1px #dedede;border-left:solid 1px #dedede;border-right:solid 1px #dedede;\"><div class=\"themepark-accordion-head\" style=\"background-color:#183884;color:#ffffff;\"><span><\/span>6. Quel type d'entreprise \u00eates-vous ?<\/div>\n<div class=\"wp-block-column themepark-accordion-box\">\n<p>Nous sommes un fabricant de structures m\u00e9talliques situ\u00e9 \u00e0 Hangzhou, en Chine. Nous avons acquis une bonne r\u00e9putation aupr\u00e8s de nos clients gr\u00e2ce \u00e0 notre service professionnel, chaleureux et attentionn\u00e9. Nous savons qu'une relation commerciale \u00e0 long terme repose sur le contr\u00f4le de la qualit\u00e9, le prix, l'emballage, le d\u00e9lai de livraison, etc.<\/p>\n<\/div>\n<\/div>\n<\/div>\n<\/div>\n<\/div>\n<\/div>\n<\/div>\n<\/div><div class=\"layout_badh\"><\/div><\/section>\n\n\n\n<section class=\"wp-block-themepark-block-themepark-area block_layout thempark-block MovePnly\" id=\"\" style=\"padding-bottom:60px;padding-top:60px;height:700px;box-sizing: border-box;width: 100%;\" data-swiper-parallax=\"-700\"><div class=\"block_layout_in\" style=\"\">\n<div class=\"wp-block-column block_layout_in\">\n<div class=\"wp-block-themepark-block-themepark-wright content-super-p\" style=\"font-size:12px;line-height:20px;padding:0px 1px;\">\n<div class=\"wp-block-column\">\n<div style=\"height:140px\" aria-hidden=\"true\" class=\"wp-block-spacer\"><\/div>\n\n\n\n<h2 class=\"wp-block-heading has-text-align-center has-monte-white-color has-text-color has-medium-font-size\" style=\"letter-spacing:2px\"><span class=\"ez-toc-section\" id=\"Find_The_Answers_To_Your_Questions-2\"><\/span>Trouvez les r\u00e9ponses \u00e0 vos questions<span class=\"ez-toc-section-end\"><\/span><\/h2>\n\n\n\n<p><\/p>\n\n\n\n<p class=\"has-text-align-center has-monte-white-color has-text-color has-small-font-size\" style=\"text-transform:uppercase\">ZHEJIANG Gorky STEEL STRUCTURE<\/p>\n\n\n\n<p class=\"has-text-align-center has-monte-white-color has-text-color has-small-font-size\" style=\"text-transform:uppercase\">MATERIAL CO.,LTD<\/p>\n\n\n\n<div style=\"height:260px\" aria-hidden=\"true\" class=\"wp-block-spacer\"><\/div>\n<\/div>\n<\/div>\n<\/div>\n<\/div><div class=\"layout_badh\"><div class=\"shizhezhao\" style=\"opacity:0.4;background-color:#000000;\"><\/div><div class=\"MovePnly themepark-block_layout_ba lazyload swiper-move-lazy\" style=\"background-repeat:no-repeat;background-size:cover;background-position:center;\" data-background=\"https:\/\/www.wedospace.com\/wp-content\/uploads\/2025\/08\/m-faq-banner.png\"><\/div><\/div><\/section>\n\n\n\n<section class=\"wp-block-themepark-block-themepark-area block_layout thempark-block MovePnly\" id=\"\" style=\"padding-top:40px;\" data-swiper-parallax=\"-700\"><div class=\"block_layout_in\" style=\"\">\n<div class=\"wp-block-column block_layout_in\">\n<div class=\"wp-block-themepark-block-themepark-wright content-super-p\" style=\"font-size:15px;line-height:23px;color:#323232;padding:10px 10px;\">\n<div class=\"wp-block-column\">\n<p class=\"has-text-align-center\" style=\"font-size:12px\">QUESTIONS FR\u00c9QUEMMENT POS\u00c9ES<\/p>\n\n\n\n<div style=\"height:5px\" aria-hidden=\"true\" class=\"wp-block-spacer\"><\/div>\n\n\n\n<p class=\"has-text-align-center has-medium-font-size\"><strong>Vous voulez savoir quelque chose ?<\/strong><\/p>\n<\/div>\n<\/div>\n\n\n\n<div style=\"height:20px\" aria-hidden=\"true\" class=\"wp-block-spacer\"><\/div>\n\n\n\n<div class=\"wp-block-themepark-block-themepark-wright content-super-p\" style=\"font-size:15px;line-height:23px;color:#363636;padding:10px 10px;\">\n<div class=\"wp-block-column\">\n<div class=\"wp-block-themepark-block-themepark-accordion thempark-block themepark-accordion\" style=\"border-top:solid 1px #dedede;border-bottom:solid 1px #dedede;border-left:solid 1px #dedede;border-right:solid 1px #dedede;\"><div class=\"themepark-accordion-head\" style=\"color:#333;\"><span><\/span>Quel est le projet dont vous vous occupez ?<\/div>\n<div class=\"wp-block-column themepark-accordion-box\">\n<p>Nos experts commencent \u00e0 \u00e9laborer et \u00e0 mettre en \u0153uvre des strat\u00e9gies bas\u00e9es sur votre plan unique. Nous utilisons des technologies avanc\u00e9es et des m\u00e9thodes \u00e9prouv\u00e9es pour cr\u00e9er.<br>Le champ d'application de la construction conventionnelle comprend : divers projets de construction de structures en acier tels que des structures en acier \u00e0 plusieurs \u00e9tages, des ateliers \u00e0 structure en acier, des entrep\u00f4ts, des ch\u00e2ssis d'\u00e9quipement \u00e0 structure en acier, des passages pour pi\u00e9tons, des gymnases, etc.<\/p>\n<\/div>\n<\/div>\n\n\n\n<div style=\"height:10px\" aria-hidden=\"true\" class=\"wp-block-spacer\"><\/div>\n\n\n\n<div class=\"wp-block-themepark-block-themepark-accordion thempark-block themepark-accordion\" style=\"border-top:solid 1px #dedede;border-bottom:solid 1px #dedede;border-left:solid 1px #dedede;border-right:solid 1px #dedede;\"><div class=\"themepark-accordion-head\" style=\"color:#333;\"><span><\/span>Comment garantir la qualit\u00e9 ?<\/div>\n<div class=\"wp-block-column themepark-accordion-box\">\n<p>Mise en place d'une proc\u00e9dure de contr\u00f4le des produits \u00e0 tous les stades du processus de fabrication - depuis les mati\u00e8res premi\u00e8res, la transformation, les essais ou l'inspection, jusqu'aux produits finis, etc.<\/p>\n<\/div>\n<\/div>\n\n\n\n<div style=\"height:10px\" aria-hidden=\"true\" class=\"wp-block-spacer\"><\/div>\n\n\n\n<div class=\"wp-block-themepark-block-themepark-accordion thempark-block themepark-accordion\" style=\"border-top:solid 1px #dedede;border-bottom:solid 1px #dedede;border-left:solid 1px #dedede;border-right:solid 1px #dedede;\"><div class=\"themepark-accordion-head\" style=\"color:#333;\"><span><\/span>Calendrier du projet ?<\/div>\n<div class=\"wp-block-column themepark-accordion-box\">\n<p>Variable, horaire d\u00e9taill\u00e9 fourni.<\/p>\n<\/div>\n<\/div>\n\n\n\n<div style=\"height:10px\" aria-hidden=\"true\" class=\"wp-block-spacer\"><\/div>\n\n\n\n<div class=\"wp-block-themepark-block-themepark-accordion thempark-block themepark-accordion\" style=\"border-top:solid 1px #dedede;border-bottom:solid 1px #dedede;border-left:solid 1px #dedede;border-right:solid 1px #dedede;\"><div class=\"themepark-accordion-head\" style=\"color:#333;\"><span><\/span>Pouvez-vous offrir un service de conception ?<\/div>\n<div class=\"wp-block-column themepark-accordion-box\">\n<p>Oui, nous avons plus de 30 ing\u00e9nieurs concepteurs. Nous pouvons concevoir des dessins de solutions compl\u00e8tes en fonction de vos exigences. Les logiciels que nous utilisons sont Auto CAD, PKPM, MTS, 3D3S, Tarch, Tekla Structures(Xsteel)V12.0.etc.<\/p>\n<\/div>\n<\/div>\n\n\n\n<div style=\"height:10px\" aria-hidden=\"true\" class=\"wp-block-spacer\"><\/div>\n\n\n\n<div class=\"wp-block-themepark-block-themepark-accordion thempark-block themepark-accordion\" style=\"border-top:solid 1px #dedede;border-bottom:solid 1px #dedede;border-left:solid 1px #dedede;border-right:solid 1px #dedede;\"><div class=\"themepark-accordion-head\" style=\"color:#333;\"><span><\/span>Offrez-vous des services de guidage et d'installation sur place \u00e0 l'\u00e9tranger ?<\/div>\n<div class=\"wp-block-column themepark-accordion-box\">\n<p>Oui, nous pouvons fournir le service d'installation, de supervision et de formation en suppl\u00e9ment. Nous pouvons envoyer notre ing\u00e9nieur technique professionnel pour superviser l'installation sur le site \u00e0 l'\u00e9tranger. En outre, nous disposons de notre propre \u00e9quipe d'installation \u00e0 l'\u00e9tranger, compos\u00e9e de plus de 20 personnes.<\/p>\n<\/div>\n<\/div>\n\n\n\n<div style=\"height:10px\" aria-hidden=\"true\" class=\"wp-block-spacer\"><\/div>\n\n\n\n<div class=\"wp-block-themepark-block-themepark-accordion thempark-block themepark-accordion\" style=\"border-top:solid 1px #dedede;border-bottom:solid 1px #dedede;border-left:solid 1px #dedede;border-right:solid 1px #dedede;\"><div class=\"themepark-accordion-head\" style=\"color:#333;\"><span><\/span>Votre entreprise est-elle une usine ou une soci\u00e9t\u00e9 commerciale ?<\/div>\n<div class=\"wp-block-column themepark-accordion-box\">\n<p>Nous sommes une usine, vous obtiendrez donc les meilleurs prix et des prix comp\u00e9titifs. Nous disposons de deux sites de production d'une superficie totale de plus de 80 000 m\u00e8tres carr\u00e9s.<\/p>\n<\/div>\n<\/div>\n\n\n\n<div style=\"height:10px\" aria-hidden=\"true\" class=\"wp-block-spacer\"><\/div>\n\n\n\n<div class=\"wp-block-themepark-block-themepark-accordion thempark-block themepark-accordion\" style=\"border-top:solid 1px #dedede;border-bottom:solid 1px #dedede;border-left:solid 1px #dedede;border-right:solid 1px #dedede;\"><div class=\"themepark-accordion-head\" style=\"color:#333;\"><span><\/span>Quel type d'entreprise \u00eates-vous ?<\/div>\n<div class=\"wp-block-column themepark-accordion-box\">\n<p>Nous sommes un fabricant de structures m\u00e9talliques situ\u00e9 \u00e0 Hangzhou, en Chine. Nous avons acquis une bonne r\u00e9putation aupr\u00e8s de nos clients gr\u00e2ce \u00e0 notre service professionnel, chaleureux et attentionn\u00e9. Nous savons qu'une relation commerciale \u00e0 long terme repose sur le contr\u00f4le de la qualit\u00e9, le prix, l'emballage, le d\u00e9lai de livraison, etc.<\/p>\n<\/div>\n<\/div>\n<\/div>\n<\/div>\n<\/div>\n<\/div><div class=\"layout_badh\"><\/div><\/section>\n\n\n\n<section class=\"wp-block-themepark-block-themepark-area block_layout thempark-block MovePnly\" id=\"\" style=\"padding-top:20px;\" data-swiper-parallax=\"-700\"><div class=\"block_layout_in\" style=\"\">\n<div class=\"wp-block-column block_layout_in\">\n<div class=\"wp-block-columns\">\n<div class=\"wp-block-column\">\n<div class=\"wp-block-themepark-block-themepark-wright content-super-p\" style=\"font-size:13px;line-height:23px;color:#666666;padding:10px 10px;\">\n<div class=\"wp-block-column\">\n<p class=\"has-black-color has-text-color has-link-color has-medium-font-size wp-elements-87ae06a0f9b4261ba08d96b47721302a\"><strong>Visitez notre magasin<\/strong><\/p>\n\n\n\n<div style=\"height:25px\" aria-hidden=\"true\" class=\"wp-block-spacer\"><\/div>\n\n\n\n<div class=\"wp-block-themepark-block-themepark-wright content-super-p\" style=\"font-size:13px;line-height:23px;padding:1px 0px;\">\n<div class=\"wp-block-column\">\n<p class=\"has-black-color has-text-color has-link-color has-normal-font-size wp-elements-288088bc6496e64f34dc8af1b120f5a1\"><strong>Adresse<\/strong><\/p>\n\n\n\n<div style=\"height:10px\" aria-hidden=\"true\" class=\"wp-block-spacer\"><\/div>\n\n\n\n<p>No. 168, Dayuanxi Road, Tonglu County, Zhejiang,China<\/p>\n<\/div>\n<\/div>\n\n\n\n<div style=\"height:18px\" aria-hidden=\"true\" class=\"wp-block-spacer\"><\/div>\n\n\n\n<iframe src=\"https:\/\/www.google.com\/maps\/embed?pb=!1m18!1m12!1m3!1d3461.090929105479!2d119.76213297968714!3d29.83279703265986!2m3!1f0!2f0!3f0!3m2!1i1024!2i768!4f13.1!3m3!1m2!1s0x344bbf8d6c64550b%3A0x9b920d64f2b0e6d2!2sWeidu%20Steel%20Structure!5e0!3m2!1sen!2sus!4v1757323410360!5m2!1sen!2sus\" width=\"600\" height=\"280\" style=\"border:0;\" allowfullscreen=\"\" loading=\"lazy\" referrerpolicy=\"no-referrer-when-downgrade\"><\/iframe>\n<\/div>\n<\/div>\n<\/div>\n\n\n\n<div class=\"wp-block-column\">\n<div class=\"wp-block-themepark-block-themepark-wright content-super-p\" style=\"font-size:13px;line-height:23px;color:#666666;padding:10px 10px;\">\n<div class=\"wp-block-column\">\n<p class=\"has-black-color has-text-color has-link-color has-medium-font-size wp-elements-f5484e97e504c6833e5dae65d4354c5b\"><strong>Prendre contact<\/strong><\/p>\n\n\n\n<div style=\"height:25px\" aria-hidden=\"true\" class=\"wp-block-spacer\"><\/div>\n\n\n\n<div class=\"wp-block-columns is-not-stacked-on-mobile\">\n<div class=\"wp-block-column\">\n<div class=\"wp-block-themepark-block-themepark-wright content-super-p\" style=\"font-size:13px;line-height:23px;padding:1px 0px;\">\n<div class=\"wp-block-column\">\n<p class=\"has-black-color has-text-color has-link-color has-normal-font-size wp-elements-3cb8d790d01f569e498330c85ef7a90d\"><strong>T\u00e9l\u00e9phone<\/strong><\/p>\n\n\n\n<div style=\"height:15px\" aria-hidden=\"true\" class=\"wp-block-spacer\"><\/div>\n\n\n\n<p>+86 13362131277<\/p>\n\n\n\n<p><\/p>\n<\/div>\n<\/div>\n<\/div>\n\n\n\n<div class=\"wp-block-column\">\n<div class=\"wp-block-themepark-block-themepark-wright content-super-p\" style=\"font-size:13px;line-height:23px;padding:1px 0px;\">\n<div class=\"wp-block-column\">\n<p class=\"has-black-color has-text-color has-link-color has-normal-font-size wp-elements-29d85584de5a86ccd2c757a397faa8cd\"><strong>Courrier \u00e9lectronique<\/strong><\/p>\n\n\n\n<div style=\"height:15px\" aria-hidden=\"true\" class=\"wp-block-spacer\"><\/div>\n\n\n\n<p>sale@wedospace.cn<\/p>\n<\/div>\n<\/div>\n<\/div>\n<\/div>\n\n\n\n<div class=\"wp-block-themepark-block-themepark-comment thempark-block themepark-comment fromnopading undefined\" style=\"padding-bottom:20px;padding-top:20px;\"><div class=\"themepark-comment_in\" id=\"ud_form\"><div class=\"themepark-comment_inb2\"><div class=\"themepark-comment_inb\" style=\"\"><div class=\"themepark-comment_form nolable\" style=\"\"><form id=\"commentform-park\" class=\"themepark-c-f twomo\" action=\"https:\/\/www.wedospace.com\/wp-comments-post.php\" method=\"post\" autocomplete=\"off\" data-trp-original-action=\"https:\/\/www.wedospace.com\/wp-comments-post.php\"><div class=\"themepark-comment_form_box tptext\" style=\"font-size:14px;\"><lable for=\"tpcommet0\" class=\"\"><input type=\"text\" id=\"tpcommet0\" name=\"tpcommet0\" size=\"28\" style=\"\" placeholder=\"Nom\"\/><\/lable><\/div><div class=\"themepark-comment_form_box tptext tel-c\" style=\"font-size:14px;\"><lable for=\"tpcommet1\" class=\"required\"><input type=\"text\" class=\"f-tel\" id=\"tpcommet1\" name=\"tpcommet1\" size=\"28\" required style=\"\" placeholder=\"T\u00e9l\u00e9phone\"\/><span class=\"required\">*<div class=\"required_tishi animated\"><i class=\"fas fa-exclamation-circle\"><\/i><span><\/span><\/div><\/span><\/lable><\/div><div class=\"themepark-comment_form_box tptext\" style=\"font-size:14px;\"><lable for=\"tpcommet2\" class=\"\"><input type=\"text\" id=\"tpcommet2\" name=\"tpcommet2\" size=\"28\" style=\"\" placeholder=\"Pays\"\/><\/lable><\/div><div class=\"themepark-comment_form_box tptext mail-c\" style=\"font-size:14px;\"><lable for=\"tpcommet3\" class=\"required\"><input type=\"text\" class=\"f-email\" id=\"tpcommet3\" name=\"tpcommet3\" size=\"28\" required style=\"\" placeholder=\"Courrier \u00e9lectronique\"\/><span class=\"required\">*<div class=\"required_tishi animated\"><i class=\"fas fa-exclamation-circle\"><\/i><span><\/span><\/div><\/span><\/lable><\/div><div class=\"themepark-comment_form_box tpTextarea\" style=\"font-size:14px;\"><lable for=\"tpcommet4\"><textarea id=\"tpcommet4\" name=\"tpcommet4\" style=\"\" placeholder=\"Saisissez vos questions\"><\/textarea><\/lable><\/div><div class=\"hiddeninput\"><input name=\"comment_post_ID\" type=\"hidden\" value=\"4339\"\/><input name=\"author\" type=\"hidden\" class=\"author\"\/><input name=\"email\" type=\"hidden\" class=\"email\"\/><textarea name=\"comment\" style=\"display:none\" class=\"comment\"><\/textarea><input name=\"themeparklable\" type=\"hidden\" value=\"Name|Phone|Country|E-Mail|Enter Your Questions\"\/><input name=\"themeparktype\" type=\"hidden\" value=\"text|text3|text|text2|Textarea\"\/><input name=\"redirect_to\" type=\"hidden\" value=\"https:\/\/www.test11.pw\"\/><input name=\"inquiryid\" type=\"hidden\"\/><input name=\"inquirytime\" type=\"hidden\"\/><input name=\"position\" type=\"hidden\"\/><\/div><div class=\"submut_box\"><input type=\"submit\" class=\"submut_btn\" name=\"submit\" style=\"background:#183884;\" value=\"Soumettre\"\/><div class=\"tishi\" style=\"\"><div class=\"loading\" style=\"\"><i class=\"fas fa-spinner\"><\/i>Soumettre !<\/div><div class=\"success\" style=\"\"><i class=\"fas fa-check\"><\/i>Soumission r\u00e9ussie !<\/div><div class=\"erro\" style=\"\"><i class=\"fas fa-exclamation-circle\"><\/i>La soumission a \u00e9chou\u00e9 !<\/div><div class=\"e-email\">Erreur d'email !<\/div><div class=\"e-tel\">Erreur de t\u00e9l\u00e9phone !<\/div><\/div><\/div><input type=\"hidden\" name=\"trp-form-language\" value=\"fr\"\/><\/form><\/div><div class=\"wp_clear\"><\/div><\/div><div class=\"themepark-comment_in_b\" style=\"opacity:1;undefined0\"><\/div><\/div><\/div><div class=\"wp_clear\"><\/div><\/div>\n<\/div>\n<\/div>\n<\/div>\n<\/div>\n<\/div>\n<\/div><div class=\"layout_badh\"><div class=\"PcOnly themepark-block_layout_ba lazyload swiper-lazy\" style=\"background-position:center;\" data-background=\"https:\/\/www.soonqian.com\/wp-content\/uploads\/2025\/07\/faq-bg.png\"><\/div><\/div><\/section>","protected":false},"excerpt":{"rendered":"","protected":false},"author":1,"featured_media":0,"parent":0,"menu_order":0,"comment_status":"open","ping_status":"closed","template":"","meta":{"_acf_changed":false,"themepark_post_bcolor":"#f5f5f5","themepark_post_width":"100%","themepark_post_img":"","themepark_post_img_po":"left","themepark_post_img_re":false,"themepark_post_img_cover":false,"themepark_post_img_fixed":false,"themepark_post_hide_title":true,"themepark_post_main_b":"","themepark_post_main_p":100,"themepark_paddingblock":true,"footnotes":""},"class_list":["post-932","page","type-page","status-publish","hentry"],"acf":[],"_links":{"self":[{"href":"https:\/\/www.wedospace.com\/fr\/wp-json\/wp\/v2\/pages\/932","targetHints":{"allow":["GET"]}}],"collection":[{"href":"https:\/\/www.wedospace.com\/fr\/wp-json\/wp\/v2\/pages"}],"about":[{"href":"https:\/\/www.wedospace.com\/fr\/wp-json\/wp\/v2\/types\/page"}],"author":[{"embeddable":true,"href":"https:\/\/www.wedospace.com\/fr\/wp-json\/wp\/v2\/users\/1"}],"replies":[{"embeddable":true,"href":"https:\/\/www.wedospace.com\/fr\/wp-json\/wp\/v2\/comments?post=932"}],"version-history":[{"count":43,"href":"https:\/\/www.wedospace.com\/fr\/wp-json\/wp\/v2\/pages\/932\/revisions"}],"predecessor-version":[{"id":2809,"href":"https:\/\/www.wedospace.com\/fr\/wp-json\/wp\/v2\/pages\/932\/revisions\/2809"}],"wp:attachment":[{"href":"https:\/\/www.wedospace.com\/fr\/wp-json\/wp\/v2\/media?parent=932"}],"curies":[{"name":"wp","href":"https:\/\/api.w.org\/{rel}","templated":true}]}}