{"id":782,"date":"2025-08-26T18:43:45","date_gmt":"2025-08-27T02:43:45","guid":{"rendered":"https:\/\/www.test11.pw\/?page_id=782"},"modified":"2025-11-05T00:41:15","modified_gmt":"2025-11-05T08:41:15","slug":"contact-us","status":"publish","type":"page","link":"https:\/\/www.wedospace.com\/fr\/contact-us\/","title":{"rendered":"Nous contacter"},"content":{"rendered":"<section class=\"wp-block-themepark-block-themepark-area block_layout thempark-block PcOnly\" id=\"\" style=\"background-color:#ffffff;\" data-swiper-parallax=\"-700\"><div class=\"block_layout_in\" style=\"\">\n<div class=\"wp-block-column block_layout_in\">\n<section class=\"wp-block-themepark-block-themepark-area block_layout thempark-block undefined\" id=\"maxw\" style=\"background-color:#ffffff;padding-bottom:60px;\" data-swiper-parallax=\"-700\"><div class=\"block_layout_in clomnnone\" style=\"\">\n<div class=\"wp-block-column block_layout_in\">\n<section class=\"wp-block-themepark-block-themepark-area block_layout thempark-block undefined\" id=\"maxw\" style=\"padding-top:50px;\" data-swiper-parallax=\"-700\"><div class=\"block_layout_in\" style=\"\">\n<div class=\"wp-block-column block_layout_in\">\n<div class=\"wp-block-columns\">\n<div class=\"wp-block-column\" style=\"flex-basis:30%\"><\/div>\n\n\n\n<div class=\"wp-block-column\" style=\"flex-basis:60%\">\n<div class=\"wp-block-themepark-block-themepark-xian theme_fang_out\" style=\"text-align:center;padding-bottom:6px;\"><div class=\"fangbox\" style=\"width:90px;height:5px;background-color:#183884;\"><\/div><\/div>\n\n\n\n<p class=\"has-text-align-center has-bonkers-font-size\" style=\"font-style:normal;font-weight:300\"><strong>Entrer <mark style=\"background-color:rgba(0, 0, 0, 0)\" class=\"has-inline-color has-themecolor-1-color\">Toucher<\/mark> &amp; Faites-nous savoir <\/strong><\/p>\n\n\n\n<p><\/p>\n\n\n\n<p class=\"has-text-align-center has-text-color has-link-color has-normal-font-size wp-elements-5dc036e8c22b1e7c93ae41be149c4649\" style=\"color:#383838cf;font-style:normal;font-weight:200\"><strong>Comment nous pouvons vous aider<\/strong>?<\/p>\n\n\n\n<div class=\"wp-block-themepark-block-themepark-wright content-super-p\" style=\"font-size:12px;line-height:25px;padding:20px 30px;\">\n<div class=\"wp-block-column\">\n<div class=\"wp-block-themepark-block-themepark-wright content-super-p\" style=\"font-size:12px;line-height:23px;padding:5px 25px;\">\n<div class=\"wp-block-column\">\n<p class=\"has-text-color has-link-color wp-elements-cdaf9db2231eefbb93231aa27ab66955\" style=\"color:#4f4f4f;font-size:18px\">Nous aimerions avoir de vos nouvelles. Que vous soyez acheteur, que vous cherchiez \u00e0 acheter ou que vous ayez simplement une question concernant votre projet de construction m\u00e9tallique, nos experts en construction sont toujours pr\u00eats \u00e0 vous aider.<\/p>\n<\/div>\n<\/div>\n\n\n\n<div class=\"wp-block-themepark-block-themepark-comment thempark-block themepark-comment undefined\" style=\"background-color:#f4faff;max-width:760px;\"><div class=\"themepark-comment_in\" id=\"ud_form\"><div class=\"themepark-comment_inb2\"><div class=\"themepark-comment_inb\" style=\"background-color:#ffffff;\"><div class=\"themepark-comment_img add interbox\" style=\"\">\n<div class=\"wp-block-column\">\n<div style=\"height:10px\" aria-hidden=\"true\" class=\"wp-block-spacer\"><\/div>\n<\/div>\n<\/div><div class=\"themepark-comment_form nolable\" style=\"\"><form id=\"commentform-park\" class=\"themepark-c-f twomo\" action=\"https:\/\/www.wedospace.com\/wp-comments-post.php\" method=\"post\" autocomplete=\"off\" data-trp-original-action=\"https:\/\/www.wedospace.com\/wp-comments-post.php\"><div class=\"themepark-comment_form_box tptext\" style=\"font-size:16px;\"><lable for=\"tpcommet0\" class=\"required\"><input type=\"text\" id=\"tpcommet0\" name=\"tpcommet0\" size=\"28\" required style=\"border: solid 1px #ffffff;background-color: #f5fbff;\" placeholder=\"Nom\"\/><span class=\"required\">*<div class=\"required_tishi animated\"><i class=\"fas fa-exclamation-circle\"><\/i><span><\/span><\/div><\/span><\/lable><\/div><div class=\"themepark-comment_form_box tptext\" style=\"font-size:16px;\"><lable for=\"tpcommet1\" class=\"\"><input type=\"text\" id=\"tpcommet1\" name=\"tpcommet1\" size=\"28\" style=\"border: solid 1px #ffffff;background-color: #f5fbff;\" placeholder=\"T\u00e9l\u00e9phone\"\/><\/lable><\/div><div class=\"themepark-comment_form_box tptext mail-c\" style=\"font-size:16px;\"><lable for=\"tpcommet2\" class=\"required\"><input type=\"text\" class=\"f-email\" id=\"tpcommet2\" name=\"tpcommet2\" size=\"28\" required style=\"border: solid 1px #ffffff;background-color: #f5fbff;\" placeholder=\"Courriel\"\/><span class=\"required\">*<div class=\"required_tishi animated\"><i class=\"fas fa-exclamation-circle\"><\/i><span><\/span><\/div><\/span><\/lable><\/div><div class=\"themepark-comment_form_box tptext\" style=\"font-size:16px;\"><lable for=\"tpcommet3\" class=\"\"><input type=\"text\" id=\"tpcommet3\" name=\"tpcommet3\" size=\"28\" style=\"border: solid 1px #ffffff;background-color: #f5fbff;\" placeholder=\"Projet\"\/><\/lable><\/div><div class=\"themepark-comment_form_box tpSelect\" style=\"font-size:16px;\"><lable for=\"tpcommet4\"><p class=\"msspan\" style=\"\"><\/p><select id=\"tpcommet4\" name=\"tpcommet4\" style=\"border: solid 1px #ffffff;background-color: #f5fbff;\"><option value=\"Project Location\">Localisation du projet<\/option><option value=\"Afghanistan\">Afghanistan<\/option><option value=\"Algeria\">Alg\u00e9rie<\/option><option value=\"Argentina\">Argentine<\/option><option value=\"Australia\">Australie<\/option><option value=\"Bangladesh\">Bangladesh<\/option><option value=\"Brazil\">Br\u00e9sil<\/option><option value=\"Canada\">Canada<\/option><option value=\"China\">Chine<\/option><option value=\"Egypt\">\u00c9gypte<\/option><option value=\"France\">France<\/option><option value=\"Germany\">Allemagne<\/option><option value=\"India\">Inde<\/option><option value=\"Indonesia\">Indon\u00e9sie<\/option><option value=\"Iran\">L'Iran<\/option><option value=\"Italy\">Italie<\/option><option value=\"Japan\">Japon<\/option><option value=\"Kenya\">Kenya<\/option><option value=\"Malaysia\">Malaisie<\/option><option value=\"Mexico\">Mexique<\/option><option value=\"Netherlands\">Pays-Bas<\/option><option value=\"Nigeria\">Nig\u00e9ria<\/option><option value=\"Pakistan\">Pakistan<\/option><option value=\"Philippines\">Philippines<\/option><option value=\"Russia\">Russie<\/option><option value=\"Saudi Arabia\">Arabie Saoudite<\/option><option value=\"Singapore\">Singapour<\/option><option value=\"South Africa\">Afrique du Sud<\/option><option value=\"South Korea\">Cor\u00e9e du Sud<\/option><option value=\"Spain\">Espagne<\/option><option value=\"Thailand\">Tha\u00eflande<\/option><option value=\"Turkey\">Turquie<\/option><option value=\"Ukraine\">Ukraine<\/option><option value=\"United Arab Emirates\">\u00c9mirats arabes unis<\/option><option value=\"United Kingdom\">Royaume-Uni<\/option><option value=\"United States\">\u00c9tats-Unis<\/option><option value=\"Vietnam\">Vietnam<\/option><\/select><\/lable><\/div><div class=\"themepark-comment_form_box tpTextarea\" style=\"font-size:16px;\"><lable for=\"tpcommet5\"><textarea id=\"tpcommet5\" name=\"tpcommet5\" style=\"border: solid 1px #ffffff;background-color: #f5fbff;\" placeholder=\"Commentaires\"><\/textarea><\/lable><\/div><div class=\"hiddeninput\"><input name=\"comment_post_ID\" type=\"hidden\" value=\"6043\"\/><input name=\"author\" type=\"hidden\" class=\"author\"\/><input name=\"email\" type=\"hidden\" class=\"email\"\/><textarea name=\"comment\" style=\"display:none\" class=\"comment\"><\/textarea><input name=\"themeparklable\" type=\"hidden\" value=\"Name|Phone|Email|Project||Comments\"\/><input name=\"themeparktype\" type=\"hidden\" value=\"text|text|text2|text|Select|Textarea\"\/><input name=\"redirect_to\" type=\"hidden\" value=\"https:\/\/www.test11.pw\"\/><input name=\"inquiryid\" type=\"hidden\"\/><input name=\"inquirytime\" type=\"hidden\"\/><input name=\"position\" type=\"hidden\"\/><\/div><div class=\"submut_box\"><input type=\"submit\" class=\"submut_btn\" name=\"submit\" style=\"background:#183884;\" value=\"Soumettre\"\/><div class=\"tishi\" style=\"\"><div class=\"loading\" style=\"\"><i class=\"fas fa-spinner\"><\/i>Soumettre !<\/div><div class=\"success\" style=\"\"><i class=\"fas fa-check\"><\/i>Envoy\u00e9 avec succ\u00e8s !<\/div><div class=\"erro\" style=\"\"><i class=\"fas fa-exclamation-circle\"><\/i>\u00c9chec de la soumission ! Veuillez r\u00e9essayer plus tard\uff01<\/div><div class=\"e-email\">Erreur de format d'e-mail !<\/div><div class=\"e-tel\">Erreur de format du t\u00e9l\u00e9phone\uff01<\/div><\/div><\/div><input type=\"hidden\" name=\"trp-form-language\" value=\"fr\"\/><\/form><\/div><div class=\"wp_clear\"><\/div><\/div><div class=\"themepark-comment_in_b\" style=\"opacity:0.05;background-color:#f29900;transform:scaleX(1.01) scaleY(1.041)\"><\/div><\/div><\/div><div class=\"wp_clear\"><\/div><\/div>\n<\/div>\n<\/div>\n<\/div>\n\n\n\n<div class=\"wp-block-column\" style=\"flex-basis:30%\"><\/div>\n<\/div>\n<\/div>\n<\/div><div class=\"layout_badh\"><\/div><\/section>\n<\/div>\n<\/div><div class=\"layout_badh\"><\/div><\/section>\n<\/div>\n<\/div><div class=\"layout_badh\"><\/div><\/section>\n\n\n\n<section class=\"wp-block-themepark-block-themepark-area block_layout thempark-block MovePnly\" id=\"\" style=\"background-color:#ffffff;padding-top:3px;\" data-swiper-parallax=\"-700\"><div class=\"block_layout_in clomnsmal\" style=\"\">\n<div class=\"wp-block-column block_layout_in\">\n<div class=\"wp-block-columns\">\n<div class=\"wp-block-column\">\n<section class=\"wp-block-themepark-block-themepark-icon thempark-block themepark_icon_list_out  bom10 top10\" id=\"nomo3\" style=\"\"><div class=\"themepark_icon_list_in\" style=\"background:#f2f2f2;top:-55px;\"><div class=\"themepark_icon_lists iconl1 iconls1\" style=\"text-align: ;\"><a class=\"themepark_icon_box\"><div class=\"themepark_icon_box_i\"><div class=\"themepark_icon_box_i_out\"><i class=\"fas fa-phone-square-alt\" style=\"color:#183884;font-size:28px;\"><\/i><\/div><\/div><div class=\"themepark_icon_box_d\" style=\"font-size:13px;color:#666666;\"><b style=\"font-size:14px;color:#474747;\">T\u00e9l :<\/b><span>+86 13362131277<\/span><\/div><\/a><\/div><\/div><\/section>\n<\/div>\n\n\n\n<div class=\"wp-block-column\">\n<section class=\"wp-block-themepark-block-themepark-icon thempark-block themepark_icon_list_out  bom10 top10\" id=\"nomo3\" style=\"\"><div class=\"themepark_icon_list_in\" style=\"background:#f2f2f2;top:-55px;\"><div class=\"themepark_icon_lists iconl1 iconls1\" style=\"text-align: ;\"><a class=\"themepark_icon_box\"><div class=\"themepark_icon_box_i\"><div class=\"themepark_icon_box_i_out\"><i class=\"fab fa-whatsapp-square\" style=\"color:#183884;font-size:28px;\"><\/i><\/div><\/div><div class=\"themepark_icon_box_d\" style=\"font-size:13px;color:#666666;\"><b style=\"font-size:14px;color:#474747;\">Whatsapp :<\/b><span>+86 13362131277<\/span><\/div><\/a><\/div><\/div><\/section>\n<\/div>\n\n\n\n<div class=\"wp-block-column\">\n<section class=\"wp-block-themepark-block-themepark-icon thempark-block themepark_icon_list_out  bom10 top10\" id=\"nomo3\" style=\"\"><div class=\"themepark_icon_list_in\" style=\"background:#f2f2f2;top:-55px;\"><div class=\"themepark_icon_lists iconl1 iconls1\" style=\"text-align: ;\"><a class=\"themepark_icon_box\"><div class=\"themepark_icon_box_i\"><div class=\"themepark_icon_box_i_out\"><i class=\"fas fa-envelope-square\" style=\"color:#183884;font-size:28px;\"><\/i><\/div><\/div><div class=\"themepark_icon_box_d\" style=\"font-size:13px;color:#666666;\"><b style=\"font-size:14px;color:#474747;\">Courriel : <\/b><span>sale@wedospace.cn<\/span><span>project@wedospace.cn<\/span><\/div><\/a><\/div><\/div><\/section>\n<\/div>\n<\/div>\n\n\n\n<div class=\"wp-block-themepark-block-themepark-comment thempark-block themepark-comment undefined\" style=\"background-color:#f4faff;\"><div class=\"themepark-comment_in\" id=\"ud_form\"><div class=\"themepark-comment_inb2\"><div class=\"themepark-comment_inb\" style=\"background-color:#ffffff;\"><div class=\"themepark-comment_img add interbox\" style=\"\">\n<div class=\"wp-block-column\">\n<div class=\"wp-block-themepark-block-themepark-wright content-super-p\" style=\"font-size:15px;line-height:26px;padding:6px 18px;\">\n<div class=\"wp-block-column\">\n<p class=\"has-text-align-left\" style=\"font-size:15px\"><strong>CONTACTEZ-NOUS<\/strong><\/p>\n\n\n\n<p class=\"has-text-align-left\" style=\"font-size:13px\">Notre repr\u00e9sentant vous contactera bient\u00f4t<\/p>\n<\/div>\n<\/div>\n<\/div>\n<\/div><div class=\"themepark-comment_form nolable\" style=\"\"><form id=\"commentform-park\" class=\"themepark-c-f\" action=\"https:\/\/www.wedospace.com\/wp-comments-post.php\" method=\"post\" autocomplete=\"off\" data-trp-original-action=\"https:\/\/www.wedospace.com\/wp-comments-post.php\"><div class=\"themepark-comment_form_box tptext\" style=\"font-size:13px;\"><lable for=\"tpcommet0\" class=\"required\"><input type=\"text\" id=\"tpcommet0\" name=\"tpcommet0\" size=\"28\" required style=\"\" placeholder=\"Nom\"\/><span class=\"required\">*<div class=\"required_tishi animated\"><i class=\"fas fa-exclamation-circle\"><\/i><span><\/span><\/div><\/span><\/lable><\/div><div class=\"themepark-comment_form_box tptext\" style=\"font-size:13px;\"><lable for=\"tpcommet1\" class=\"\"><input type=\"text\" id=\"tpcommet1\" name=\"tpcommet1\" size=\"28\" style=\"\" placeholder=\"T\u00e9l\u00e9phone\"\/><\/lable><\/div><div class=\"themepark-comment_form_box tptext mail-c\" style=\"font-size:13px;\"><lable for=\"tpcommet2\" class=\"required\"><input type=\"text\" class=\"f-email\" id=\"tpcommet2\" name=\"tpcommet2\" size=\"28\" required style=\"\" placeholder=\"Courriel\"\/><span class=\"required\">*<div class=\"required_tishi animated\"><i class=\"fas fa-exclamation-circle\"><\/i><span><\/span><\/div><\/span><\/lable><\/div><div class=\"hiddeninput\"><input name=\"comment_post_ID\" type=\"hidden\" value=\"6043\"\/><input name=\"author\" type=\"hidden\" class=\"author\"\/><input name=\"email\" type=\"hidden\" class=\"email\"\/><textarea name=\"comment\" style=\"display:none\" class=\"comment\"><\/textarea><input name=\"themeparklable\" type=\"hidden\" value=\"Name|Phone|Email\"\/><input name=\"themeparktype\" type=\"hidden\" value=\"text|text|text2\"\/><input name=\"redirect_to\" type=\"hidden\" value=\"https:\/\/www.test11.pw\"\/><input name=\"inquiryid\" type=\"hidden\"\/><input name=\"inquirytime\" type=\"hidden\"\/><input name=\"position\" type=\"hidden\"\/><\/div><div class=\"submut_box\"><input type=\"submit\" class=\"submut_btn\" name=\"submit\" style=\"background:#183884;\" value=\"Soumettre\"\/><div class=\"tishi\" style=\"\"><div class=\"loading\" style=\"\"><i class=\"fas fa-spinner\"><\/i>Soumettre !<\/div><div class=\"success\" style=\"\"><i class=\"fas fa-check\"><\/i>Envoy\u00e9 avec succ\u00e8s !<\/div><div class=\"erro\" style=\"\"><i class=\"fas fa-exclamation-circle\"><\/i>\u00c9chec de la soumission ! Veuillez r\u00e9essayer plus tard\uff01<\/div><div class=\"e-email\">Erreur de format d'e-mail !<\/div><div class=\"e-tel\">Erreur de format du t\u00e9l\u00e9phone\uff01<\/div><\/div><\/div><input type=\"hidden\" name=\"trp-form-language\" value=\"fr\"\/><\/form><\/div><div class=\"wp_clear\"><\/div><\/div><div class=\"themepark-comment_in_b\" style=\"opacity:0.03;background-color:#f29900;transform:scaleX(1.01) scaleY(1.041)\"><\/div><\/div><\/div><div class=\"wp_clear\"><\/div><\/div>\n<\/div>\n<\/div><div class=\"layout_badh\"><\/div><\/section>\n\n\n\n<section class=\"wp-block-themepark-block-themepark-area block_layout thempark-block MovePnly\" id=\"maxw\" style=\"\" data-swiper-parallax=\"-700\"><div class=\"block_layout_in\" style=\"\">\n<div class=\"wp-block-column block_layout_in\">\n<iframe src=\"https:\/\/www.google.com\/maps\/embed?pb=!1m18!1m12!1m3!1d3461.090929105479!2d119.76213297968714!3d29.83279703265986!2m3!1f0!2f0!3f0!3m2!1i1024!2i768!4f13.1!3m3!1m2!1s0x344bbf8d6c64550b%3A0x9b920d64f2b0e6d2!2sWeidu%20Steel%20Structure!5e0!3m2!1sen!2sus!4v1757323410360!5m2!1sen!2sus\" width=\"430\" height=\"200\" style=\"border:0;\" allowfullscreen=\"\" loading=\"lazy\" referrerpolicy=\"no-referrer-when-downgrade\"><\/iframe>\n<\/div>\n<\/div><div class=\"layout_badh\"><\/div><\/section>","protected":false},"excerpt":{"rendered":"","protected":false},"author":1,"featured_media":0,"parent":0,"menu_order":0,"comment_status":"open","ping_status":"closed","template":"","meta":{"_acf_changed":false,"themepark_post_bcolor":"#f5f5f5","themepark_post_width":"100%","themepark_post_img":"","themepark_post_img_po":"left","themepark_post_img_re":false,"themepark_post_img_cover":false,"themepark_post_img_fixed":false,"themepark_post_hide_title":true,"themepark_post_main_b":"","themepark_post_main_p":100,"themepark_paddingblock":true,"footnotes":""},"class_list":["post-782","page","type-page","status-publish","hentry"],"acf":[],"_links":{"self":[{"href":"https:\/\/www.wedospace.com\/fr\/wp-json\/wp\/v2\/pages\/782","targetHints":{"allow":["GET"]}}],"collection":[{"href":"https:\/\/www.wedospace.com\/fr\/wp-json\/wp\/v2\/pages"}],"about":[{"href":"https:\/\/www.wedospace.com\/fr\/wp-json\/wp\/v2\/types\/page"}],"author":[{"embeddable":true,"href":"https:\/\/www.wedospace.com\/fr\/wp-json\/wp\/v2\/users\/1"}],"replies":[{"embeddable":true,"href":"https:\/\/www.wedospace.com\/fr\/wp-json\/wp\/v2\/comments?post=782"}],"version-history":[{"count":49,"href":"https:\/\/www.wedospace.com\/fr\/wp-json\/wp\/v2\/pages\/782\/revisions"}],"predecessor-version":[{"id":13501,"href":"https:\/\/www.wedospace.com\/fr\/wp-json\/wp\/v2\/pages\/782\/revisions\/13501"}],"wp:attachment":[{"href":"https:\/\/www.wedospace.com\/fr\/wp-json\/wp\/v2\/media?parent=782"}],"curies":[{"name":"wp","href":"https:\/\/api.w.org\/{rel}","templated":true}]}}